{"id":7,"date":"2024-04-05T16:14:16","date_gmt":"2024-04-05T16:14:16","guid":{"rendered":"http:\/\/www.solacera.cz\/?page_id=7"},"modified":"2025-03-12T13:54:28","modified_gmt":"2025-03-12T13:54:28","slug":"home","status":"publish","type":"page","link":"https:\/\/www.solacera.cz\/de\/","title":{"rendered":"Startseite"},"content":{"rendered":"<div class=\"wp-block-cover alignfull\" style=\"min-height:410px;aspect-ratio:unset;\"><span aria-hidden=\"true\" class=\"wp-block-cover__background has-background-dim-80 has-background-dim wp-block-cover__gradient-background has-background-gradient\" style=\"background:linear-gradient(35deg,rgb(11,17,43) 0%,rgb(33,39,62) 31%,rgb(6,210,221) 79%)\"><\/span><img loading=\"lazy\" decoding=\"async\" width=\"1919\" height=\"777\" class=\"wp-block-cover__image-background wp-image-79\" alt=\"\" src=\"http:\/\/www.solacera.cz\/wp-content\/uploads\/2024\/04\/Industry.png\" data-object-fit=\"cover\" srcset=\"https:\/\/www.solacera.cz\/wp-content\/uploads\/2024\/04\/Industry.png 1919w, https:\/\/www.solacera.cz\/wp-content\/uploads\/2024\/04\/Industry-300x121.png 300w, https:\/\/www.solacera.cz\/wp-content\/uploads\/2024\/04\/Industry-1024x415.png 1024w, https:\/\/www.solacera.cz\/wp-content\/uploads\/2024\/04\/Industry-768x311.png 768w, https:\/\/www.solacera.cz\/wp-content\/uploads\/2024\/04\/Industry-1536x622.png 1536w\" sizes=\"auto, (max-width: 1919px) 100vw, 1919px\" \/><div class=\"wp-block-cover__inner-container is-layout-constrained wp-block-cover-is-layout-constrained\">\n<div class=\"inherit-container-width wp-block-group alignwide is-layout-constrained wp-block-group-is-layout-constrained\">\n<h2 class=\"wp-block-heading\">Industrielle Projekte mit Fachwissen und Pr\u00e4zision vorantreiben<\/h2>\n\n\n\n<p class=\"has-ast-global-color-4-color has-text-color has-link-color wp-elements-3a16cf2e624c1e70ebc6955e194486c3\">Willkommen bei Solacera GEN \u2013 Ihr verl\u00e4sslicher Partner f\u00fcr ma\u00dfgeschneiderte L\u00f6sungen und garantierte Qualit\u00e4t in der Industrie.\nWir bieten Fachkompetenz in Programmierung, Inbetriebnahme und technischem Support und begleiten Sie sicher durch die Herausforderungen von Modernisierung der Industrie.<\/p>\n<\/div>\n<\/div><\/div>\n\n\n\n<div class=\"wp-block-group alignwide has-ast-global-color-5-background-color has-background is-layout-constrained wp-container-core-group-is-layout-2711cf67 wp-block-group-is-layout-constrained\" id=\"values\" style=\"padding-bottom:0px\">\n<h3 class=\"wp-block-heading\"><strong>Unsere Werte<\/strong><\/h3>\n\n\n\n<div class=\"wp-block-columns is-layout-flex wp-container-core-columns-is-layout-28f84493 wp-block-columns-is-layout-flex\">\n<div class=\"wp-block-column is-layout-flow wp-block-column-is-layout-flow\">\n<h4 class=\"wp-block-heading\">Zuverl\u00e4ssigkeit<\/h4>\n\n\n\n<p>Unser Wort ist unser Versprechen. Was <strong>wir zusagen, setzen wir<\/strong> mit unersch\u00fctterlichem Engagement um.<\/p>\n<\/div>\n\n\n\n<div class=\"wp-block-column is-layout-flow wp-block-column-is-layout-flow\">\n<h4 class=\"wp-block-heading\">Passgenaue L\u00f6sungen<\/h4>\n\n\n\n<p>Jedes Projekt ist einzigartig. Wir h\u00f6ren zu, verstehen und entwickeln <strong>L\u00f6sungen, die speziell auf Ihre Bed\u00fcrfnisse zugeschnitten sind<\/strong>.<\/p>\n<\/div>\n\n\n\n<div class=\"wp-block-column is-layout-flow wp-block-column-is-layout-flow\">\n<h4 class=\"wp-block-heading\">Direkter Ansatz &amp; Qualit\u00e4tsgarantie<\/h4>\n\n\n\n<p>Unsere Fachleute sind langj\u00e4hrige Mitglieder unseres Teams und gew\u00e4hrleisten dadurch Best\u00e4ndigkeit, Qualit\u00e4t und direkte Verantwortung f\u00fcr den Erfolg Ihres Projekts.<\/p>\n<\/div>\n<\/div>\n<\/div>\n\n\n\n<div id=\"services\" class=\"wp-block-group is-layout-flow wp-block-group-is-layout-flow\" style=\"padding-top:144px;padding-bottom:0px\">\n<h3 class=\"wp-block-heading\"><strong>Unsere Leistungen<\/strong><\/h3>\n\n\n\n<div class=\"wp-block-columns is-layout-flex wp-container-core-columns-is-layout-60cbf9bb wp-block-columns-is-layout-flex\" style=\"margin-top:50px\">\n<div class=\"wp-block-column is-layout-flow wp-container-core-column-is-layout-6b73ce23 wp-block-column-is-layout-flow\">\n<h4 class=\"wp-block-heading\" style=\"margin-top:16px\">Spezialisierungen<\/h4>\n\n\n\n<p>Wir bieten ein <strong>breites Spektrum spezialisierter Dienstleistungen<\/strong>, die bereit sind, Ihre Produktionslinien und Logistikzentren auf Industrie-4.0-Standards aufzur\u00fcsten.<\/p>\n<\/div>\n\n\n\n<div class=\"wp-block-column is-layout-flow wp-container-core-column-is-layout-6b73ce23 wp-block-column-is-layout-flow\">\n<h4 class=\"wp-block-heading\" style=\"margin-top:16px\">Warum Sie uns w\u00e4hlen sollten<\/h4>\n\n\n\n<p>Mit Solacera GEN vermeiden Sie die Fallstricke von <strong>Subunternehmerketten<\/strong>. Unsere hauseigenen Experten bringen ihre langj\u00e4hrige Erfahrung und Zertifizierung direkt in Ihre Projekte ein \u2013 f\u00fcr <strong>h\u00f6chste Effizienz<\/strong> und erstklassige Arbeitsstandards.<\/p>\n<\/div>\n\n\n\n<div class=\"wp-block-column is-layout-flow wp-container-core-column-is-layout-6b73ce23 wp-block-column-is-layout-flow\">\n<h4 class=\"wp-block-heading\" style=\"margin-top:16px\">Zuverl\u00e4ssigkeit<\/h4>\n\n\n\n<p>Unsere <strong>hauseigenen Fachleute<\/strong> liefern herausragende Ergebnisse und verf\u00fcgen \u00fcber alle erforderlichen <strong>Dokumente und Zertifikate<\/strong> (A1, DBS, Freistellung usw.). Und f\u00fcr Ihre Sicherheit sind wir vollst\u00e4ndig <strong>versichert<\/strong>.<\/p>\n<\/div>\n<\/div>\n\n\n\n<div style=\"height:30px\" aria-hidden=\"true\" class=\"wp-block-spacer\"><\/div>\n\n\n\n<div class=\"wp-block-media-text is-stacked-on-mobile\"><figure class=\"wp-block-media-text__media\"><img loading=\"lazy\" decoding=\"async\" width=\"543\" height=\"364\" src=\"http:\/\/www.solacera.cz\/wp-content\/uploads\/2024\/04\/Workers-1.png\" alt=\"\" class=\"wp-image-142 size-full\" srcset=\"https:\/\/www.solacera.cz\/wp-content\/uploads\/2024\/04\/Workers-1.png 543w, https:\/\/www.solacera.cz\/wp-content\/uploads\/2024\/04\/Workers-1-300x201.png 300w\" sizes=\"auto, (max-width: 543px) 100vw, 543px\" \/><\/figure><div class=\"wp-block-media-text__content\">\n<h4 class=\"wp-block-heading\">Wir stellen zur Verf\u00fcgung<\/h4>\n\n\n\n<ul class=\"wp-block-list\">\n<li>Elektriker<\/li>\n\n\n\n<li>Elektrotechniker<\/li>\n\n\n\n<li>Inbetriebnehmer<\/li>\n\n\n\n<li>PLC-Programmierer<\/li>\n\n\n\n<li>Bauleiter<\/li>\n\n\n\n<li>und mehr<\/li>\n<\/ul>\n<\/div><\/div>\n<\/div>\n\n\n\n<div style=\"height:100px\" aria-hidden=\"true\" class=\"wp-block-spacer\"><\/div>","protected":false},"excerpt":{"rendered":"<p>Our Values Reliability Our word is our bond. What we promise, we deliver with unwavering commitment. Tailored solutions Every project [&hellip;]<\/p>\n","protected":false},"author":1,"featured_media":0,"parent":0,"menu_order":0,"comment_status":"closed","ping_status":"closed","template":"","meta":{"site-sidebar-layout":"no-sidebar","site-content-layout":"plain-container","ast-site-content-layout":"","site-content-style":"default","site-sidebar-style":"default","ast-global-header-display":"","ast-banner-title-visibility":"","ast-main-header-display":"","ast-hfb-above-header-display":"","ast-hfb-below-header-display":"","ast-hfb-mobile-header-display":"","site-post-title":"disabled","ast-breadcrumbs-content":"","ast-featured-img":"","footer-sml-layout":"","theme-transparent-header-meta":"enabled","adv-header-id-meta":"","stick-header-meta":"","header-above-stick-meta":"","header-main-stick-meta":"","header-below-stick-meta":"","astra-migrate-meta-layouts":"default","ast-page-background-enabled":"default","ast-page-background-meta":{"desktop":{"background-color":"var(--ast-global-color-4)","background-image":"","background-repeat":"repeat","background-position":"center center","background-size":"auto","background-attachment":"scroll","background-type":"","background-media":"","overlay-type":"","overlay-color":"","overlay-opacity":"","overlay-gradient":""},"tablet":{"background-color":"","background-image":"","background-repeat":"repeat","background-position":"center center","background-size":"auto","background-attachment":"scroll","background-type":"","background-media":"","overlay-type":"","overlay-color":"","overlay-opacity":"","overlay-gradient":""},"mobile":{"background-color":"","background-image":"","background-repeat":"repeat","background-position":"center center","background-size":"auto","background-attachment":"scroll","background-type":"","background-media":"","overlay-type":"","overlay-color":"","overlay-opacity":"","overlay-gradient":""}},"ast-content-background-meta":{"desktop":{"background-color":"var(--ast-global-color-5)","background-image":"","background-repeat":"repeat","background-position":"center center","background-size":"auto","background-attachment":"scroll","background-type":"","background-media":"","overlay-type":"","overlay-color":"","overlay-opacity":"","overlay-gradient":""},"tablet":{"background-color":"var(--ast-global-color-5)","background-image":"","background-repeat":"repeat","background-position":"center center","background-size":"auto","background-attachment":"scroll","background-type":"","background-media":"","overlay-type":"","overlay-color":"","overlay-opacity":"","overlay-gradient":""},"mobile":{"background-color":"var(--ast-global-color-5)","background-image":"","background-repeat":"repeat","background-position":"center center","background-size":"auto","background-attachment":"scroll","background-type":"","background-media":"","overlay-type":"","overlay-color":"","overlay-opacity":"","overlay-gradient":""}},"footnotes":""},"class_list":["post-7","page","type-page","status-publish","hentry"],"_links":{"self":[{"href":"https:\/\/www.solacera.cz\/de\/wp-json\/wp\/v2\/pages\/7","targetHints":{"allow":["GET"]}}],"collection":[{"href":"https:\/\/www.solacera.cz\/de\/wp-json\/wp\/v2\/pages"}],"about":[{"href":"https:\/\/www.solacera.cz\/de\/wp-json\/wp\/v2\/types\/page"}],"author":[{"embeddable":true,"href":"https:\/\/www.solacera.cz\/de\/wp-json\/wp\/v2\/users\/1"}],"replies":[{"embeddable":true,"href":"https:\/\/www.solacera.cz\/de\/wp-json\/wp\/v2\/comments?post=7"}],"version-history":[{"count":22,"href":"https:\/\/www.solacera.cz\/de\/wp-json\/wp\/v2\/pages\/7\/revisions"}],"predecessor-version":[{"id":240,"href":"https:\/\/www.solacera.cz\/de\/wp-json\/wp\/v2\/pages\/7\/revisions\/240"}],"wp:attachment":[{"href":"https:\/\/www.solacera.cz\/de\/wp-json\/wp\/v2\/media?parent=7"}],"curies":[{"name":"wp","href":"https:\/\/api.w.org\/{rel}","templated":true}]}}