{"id":98,"date":"2024-04-05T23:26:46","date_gmt":"2024-04-05T23:26:46","guid":{"rendered":"http:\/\/www.solacera.cz\/?page_id=98"},"modified":"2025-03-11T12:20:25","modified_gmt":"2025-03-11T12:20:25","slug":"references","status":"publish","type":"page","link":"http:\/\/www.solacera.cz\/de\/references\/","title":{"rendered":"Referenzen"},"content":{"rendered":"<p>Unsere Fachkr\u00e4fte haben zu einigen der anspruchsvollsten und innovativsten Projekte in ganz Europa und dar\u00fcber hinaus beigetragen \u2013 von automatischen Lagerh\u00e4usern f\u00fcr Amazon und \u0160koda \u00fcber Kraftwerke und Umspannwerke bis hin zu Apple-Rechenzentren. Unsere Arbeit spricht f\u00fcr sich.<\/p>\n\n\n\n<div class=\"alignnormal\"><div id=\"metaslider-id-181\" style=\"width: 100%; margin: 0 auto;\" class=\"ml-slider-3-107-0 metaslider metaslider-flex metaslider-181 ml-slider has-dots-nav ms-theme-default-base\" role=\"region\" aria-label=\"New Slideshow\" data-height=\"450\" data-width=\"800\">\n    <div id=\"metaslider_container_181\">\n        <div id=\"metaslider_181\">\n            <ul class='slides'>\n                <li style=\"display: block; width: 100%;\" class=\"slide-185 ms-image\" aria-roledescription=\"slide\" data-date=\"2025-03-11 11:24:34\" data-filename=\"skoda-02-800x450.jpg\" data-slide-type=\"image\"><img loading=\"lazy\" decoding=\"async\" src=\"http:\/\/www.solacera.cz\/wp-content\/uploads\/2025\/03\/skoda-02-800x450.jpg\" height=\"450\" width=\"800\" alt=\"\" class=\"slider-181 slide-185 msDefaultImage\" title=\"skoda-02\" \/><div class=\"caption-wrap\"><div class=\"caption\"><div>\u0160koda Lagerhaus, Tschechien, 2016<\/div><\/div><\/div><\/li>\n                <li style=\"display: none; width: 100%;\" class=\"slide-186 ms-image\" aria-roledescription=\"slide\" data-date=\"2025-03-11 11:24:34\" data-filename=\"skoda-01-800x450.jpg\" data-slide-type=\"image\"><img loading=\"lazy\" decoding=\"async\" src=\"http:\/\/www.solacera.cz\/wp-content\/uploads\/2025\/03\/skoda-01-800x450.jpg\" height=\"450\" width=\"800\" alt=\"\" class=\"slider-181 slide-186 msDefaultImage\" title=\"skoda-01\" \/><div class=\"caption-wrap\"><div class=\"caption\"><div>\u0160koda Lagerhaus, Tschechien, 2016<\/div><\/div><\/div><\/li>\n                <li style=\"display: none; width: 100%;\" class=\"slide-197 ms-image\" aria-roledescription=\"slide\" data-date=\"2025-03-11 11:24:35\" data-filename=\"amazon-800x450.jpg\" data-slide-type=\"image\"><img loading=\"lazy\" decoding=\"async\" src=\"http:\/\/www.solacera.cz\/wp-content\/uploads\/2025\/03\/amazon-800x450.jpg\" height=\"450\" width=\"800\" alt=\"\" class=\"slider-181 slide-197 msDefaultImage\" title=\"amazon\" \/><div class=\"caption-wrap\"><div class=\"caption\"><div>Amazon Lagerhaus, D\u00e4nemark, 2017<\/div><\/div><\/div><\/li>\n                <li style=\"display: none; width: 100%;\" class=\"slide-195 ms-image\" aria-roledescription=\"slide\" data-date=\"2025-03-11 11:24:35\" data-filename=\"Apple-2-scaled-800x450.jpg\" data-slide-type=\"image\"><img loading=\"lazy\" decoding=\"async\" src=\"http:\/\/www.solacera.cz\/wp-content\/uploads\/2025\/03\/Apple-2-scaled-800x450.jpg\" height=\"450\" width=\"800\" alt=\"\" class=\"slider-181 slide-195 msDefaultImage\" title=\"Apple (2)\" \/><div class=\"caption-wrap\"><div class=\"caption\"><div>Apple Rechenzentrum, Niederlande, 2018<\/div><\/div><\/div><\/li>\n                <li style=\"display: none; width: 100%;\" class=\"slide-196 ms-image\" aria-roledescription=\"slide\" data-date=\"2025-03-11 11:24:35\" data-filename=\"Apple-1-scaled-800x450.jpg\" data-slide-type=\"image\"><img loading=\"lazy\" decoding=\"async\" src=\"http:\/\/www.solacera.cz\/wp-content\/uploads\/2025\/03\/Apple-1-scaled-800x450.jpg\" height=\"450\" width=\"800\" alt=\"\" class=\"slider-181 slide-196 msDefaultImage\" title=\"Apple (1)\" \/><div class=\"caption-wrap\"><div class=\"caption\"><div>Apple Rechenzentrum, Niederlande, 2018<\/div><\/div><\/div><\/li>\n                <li style=\"display: none; width: 100%;\" class=\"slide-193 ms-image\" aria-roledescription=\"slide\" data-date=\"2025-03-11 11:24:35\" data-filename=\"Neubrandenburg-1-scaled-800x450.jpg\" data-slide-type=\"image\"><img loading=\"lazy\" decoding=\"async\" src=\"http:\/\/www.solacera.cz\/wp-content\/uploads\/2025\/03\/Neubrandenburg-1-scaled-800x450.jpg\" height=\"450\" width=\"800\" alt=\"\" class=\"slider-181 slide-193 msDefaultImage\" title=\"Neubrandenburg (1)\" \/><div class=\"caption-wrap\"><div class=\"caption\"><div>Modernisierung der Beleuchtung im Rotkreuz-Pflegeheim, Neubrandenburg, Deutschland, 2019<\/div><\/div><\/div><\/li>\n                <li style=\"display: none; width: 100%;\" class=\"slide-194 ms-image\" aria-roledescription=\"slide\" data-date=\"2025-03-11 11:24:35\" data-filename=\"holandsko-scaled-800x450.jpg\" data-slide-type=\"image\"><img loading=\"lazy\" decoding=\"async\" src=\"http:\/\/www.solacera.cz\/wp-content\/uploads\/2025\/03\/holandsko-scaled-800x450.jpg\" height=\"450\" width=\"800\" alt=\"\" class=\"slider-181 slide-194 msDefaultImage\" title=\"holandsko\" \/><div class=\"caption-wrap\"><div class=\"caption\"><div>Teppichfabrik, Niederlande, 2019<\/div><\/div><\/div><\/li>\n                <li style=\"display: none; width: 100%;\" class=\"slide-220 ms-image\" aria-roledescription=\"slide\" data-date=\"2025-03-11 11:57:24\" data-filename=\"20200117_164025-800x450.jpg\" data-slide-type=\"image\"><img loading=\"lazy\" decoding=\"async\" src=\"http:\/\/www.solacera.cz\/wp-content\/uploads\/2024\/04\/20200117_164025-800x450.jpg\" height=\"450\" width=\"800\" alt=\"\" class=\"slider-181 slide-220 msDefaultImage\" title=\"20200117_164025\" \/><div class=\"caption-wrap\"><div class=\"caption\"><div>Blechwalzwerke, Baden-W\u00fcrttemberg, Deutschland, 2019<\/div><\/div><\/div><\/li>\n                <li style=\"display: none; width: 100%;\" class=\"slide-189 ms-image\" aria-roledescription=\"slide\" data-date=\"2025-03-11 11:24:34\" data-filename=\"photo_2024-02-29_08-12-07-800x450.jpg\" data-slide-type=\"image\"><img loading=\"lazy\" decoding=\"async\" src=\"http:\/\/www.solacera.cz\/wp-content\/uploads\/2025\/03\/photo_2024-02-29_08-12-07-800x450.jpg\" height=\"450\" width=\"800\" alt=\"\" class=\"slider-181 slide-189 msDefaultImage\" title=\"photo_2024-02-29_08-12-07\" \/><div class=\"caption-wrap\"><div class=\"caption\"><div>Wasserkraftwerk, Tirol, \u00d6sterreich, 2019<\/div><\/div><\/div><\/li>\n                <li style=\"display: none; width: 100%;\" class=\"slide-190 ms-image\" aria-roledescription=\"slide\" data-date=\"2025-03-11 11:24:34\" data-filename=\"photo_2024-02-29_08-11-56-800x450.jpg\" data-slide-type=\"image\"><img loading=\"lazy\" decoding=\"async\" src=\"http:\/\/www.solacera.cz\/wp-content\/uploads\/2025\/03\/photo_2024-02-29_08-11-56-800x450.jpg\" height=\"450\" width=\"800\" alt=\"\" class=\"slider-181 slide-190 msDefaultImage\" title=\"photo_2024-02-29_08-11-56\" \/><div class=\"caption-wrap\"><div class=\"caption\"><div>\n<div>Wasserkraftwerk, Tirol, \u00d6sterreich, 2019<\/div>\n<\/div><\/div><\/div><\/li>\n                <li style=\"display: none; width: 100%;\" class=\"slide-184 ms-image\" aria-roledescription=\"slide\" data-date=\"2025-03-11 11:24:34\" data-filename=\"Volklingen-1-scaled-800x450.jpg\" data-slide-type=\"image\"><img loading=\"lazy\" decoding=\"async\" src=\"http:\/\/www.solacera.cz\/wp-content\/uploads\/2025\/03\/Volklingen-1-scaled-800x450.jpg\" height=\"450\" width=\"800\" alt=\"\" class=\"slider-181 slide-184 msDefaultImage\" title=\"Volklingen (1)\" \/><div class=\"caption-wrap\"><div class=\"caption\"><div>Blechwalzwerke, Saarland, Deutschland, 2020<\/div><\/div><\/div><\/li>\n                <li style=\"display: none; width: 100%;\" class=\"slide-183 ms-image\" aria-roledescription=\"slide\" data-date=\"2025-03-11 11:24:34\" data-filename=\"Volklingen-2-scaled-800x450.jpg\" data-slide-type=\"image\"><img loading=\"lazy\" decoding=\"async\" src=\"http:\/\/www.solacera.cz\/wp-content\/uploads\/2025\/03\/Volklingen-2-scaled-800x450.jpg\" height=\"450\" width=\"800\" alt=\"\" class=\"slider-181 slide-183 msDefaultImage\" title=\"Volklingen (2)\" \/><div class=\"caption-wrap\"><div class=\"caption\"><div>Blechwalzwerke, Saarland, Deutschland, 2020<\/div><\/div><\/div><\/li>\n                <li style=\"display: none; width: 100%;\" class=\"slide-182 ms-image\" aria-roledescription=\"slide\" data-date=\"2025-03-11 11:23:46\" data-filename=\"Volklingen-3-scaled-800x450.jpg\" data-slide-type=\"image\"><img loading=\"lazy\" decoding=\"async\" src=\"http:\/\/www.solacera.cz\/wp-content\/uploads\/2025\/03\/Volklingen-3-scaled-800x450.jpg\" height=\"450\" width=\"800\" alt=\"\" class=\"slider-181 slide-182 msDefaultImage\" \/><div class=\"caption-wrap\"><div class=\"caption\"><div>Blechwalzwerke, Saarland, Deutschland, 2020<\/div><\/div><\/div><\/li>\n                <li style=\"display: none; width: 100%;\" class=\"slide-215 ms-image\" aria-roledescription=\"slide\" data-date=\"2025-03-11 11:24:36\" data-filename=\"20200114_092116-scaled-800x450.jpg\" data-slide-type=\"image\"><img loading=\"lazy\" decoding=\"async\" src=\"http:\/\/www.solacera.cz\/wp-content\/uploads\/2025\/03\/20200114_092116-scaled-800x450.jpg\" height=\"450\" width=\"800\" alt=\"\" class=\"slider-181 slide-215 msDefaultImage\" title=\"20200114_092116\" \/><div class=\"caption-wrap\"><div class=\"caption\"><div>Blechwalzwerke, Saarland, Deutschland, 2021<\/div><\/div><\/div><\/li>\n                <li style=\"display: none; width: 100%;\" class=\"slide-214 ms-image\" aria-roledescription=\"slide\" data-date=\"2025-03-11 11:24:36\" data-filename=\"20200114_092125-scaled-800x450.jpg\" data-slide-type=\"image\"><img loading=\"lazy\" decoding=\"async\" src=\"http:\/\/www.solacera.cz\/wp-content\/uploads\/2025\/03\/20200114_092125-scaled-800x450.jpg\" height=\"450\" width=\"800\" alt=\"\" class=\"slider-181 slide-214 msDefaultImage\" title=\"20200114_092125\" \/><div class=\"caption-wrap\"><div class=\"caption\"><div>Blechwalzwerke, Saarland, Deutschland, 2021<\/div><\/div><\/div><\/li>\n                <li style=\"display: none; width: 100%;\" class=\"slide-212 ms-image\" aria-roledescription=\"slide\" data-date=\"2025-03-11 11:24:36\" data-filename=\"20200124_090423-scaled-800x450.jpg\" data-slide-type=\"image\"><img loading=\"lazy\" decoding=\"async\" src=\"http:\/\/www.solacera.cz\/wp-content\/uploads\/2025\/03\/20200124_090423-scaled-800x450.jpg\" height=\"450\" width=\"800\" alt=\"\" class=\"slider-181 slide-212 msDefaultImage\" title=\"20200124_090423\" \/><div class=\"caption-wrap\"><div class=\"caption\"><div>\n<div>Blechwalzwerke, Saarland, Deutschland, 2021<\/div>\n<\/div><\/div><\/div><\/li>\n                <li style=\"display: none; width: 100%;\" class=\"slide-208 ms-image\" aria-roledescription=\"slide\" data-date=\"2025-03-11 11:24:36\" data-filename=\"20220309_142313-scaled-800x450.jpg\" data-slide-type=\"image\"><img loading=\"lazy\" decoding=\"async\" src=\"http:\/\/www.solacera.cz\/wp-content\/uploads\/2025\/03\/20220309_142313-scaled-800x450.jpg\" height=\"450\" width=\"800\" alt=\"\" class=\"slider-181 slide-208 msDefaultImage\" title=\"20220309_142313\" \/><div class=\"caption-wrap\"><div class=\"caption\"><div>Modernisierung der Parkhausbeleuchtung, Bayern, Deutschland, 2021<\/div><\/div><\/div><\/li>\n                <li style=\"display: none; width: 100%;\" class=\"slide-209 ms-image\" aria-roledescription=\"slide\" data-date=\"2025-03-11 11:24:36\" data-filename=\"20220308_090827-800x450.jpg\" data-slide-type=\"image\"><img loading=\"lazy\" decoding=\"async\" src=\"http:\/\/www.solacera.cz\/wp-content\/uploads\/2025\/03\/20220308_090827-800x450.jpg\" height=\"450\" width=\"800\" alt=\"\" class=\"slider-181 slide-209 msDefaultImage\" title=\"20220308_090827\" \/><div class=\"caption-wrap\"><div class=\"caption\"><div>Modernisierung der Parkhausbeleuchtung, Bayern, Deutschland, 2021<\/div><\/div><\/div><\/li>\n                <li style=\"display: none; width: 100%;\" class=\"slide-205 ms-image\" aria-roledescription=\"slide\" data-date=\"2025-03-11 11:24:35\" data-filename=\"20220809_092010-scaled-800x450.jpg\" data-slide-type=\"image\"><img loading=\"lazy\" decoding=\"async\" src=\"http:\/\/www.solacera.cz\/wp-content\/uploads\/2025\/03\/20220809_092010-scaled-800x450.jpg\" height=\"450\" width=\"800\" alt=\"\" class=\"slider-181 slide-205 msDefaultImage\" title=\"20220809_092010\" \/><div class=\"caption-wrap\"><div class=\"caption\"><div>Umspannstation, Niedersachsen, Deutschland, 2022<\/div><\/div><\/div><\/li>\n                <li style=\"display: none; width: 100%;\" class=\"slide-204 ms-image\" aria-roledescription=\"slide\" data-date=\"2025-03-11 11:24:35\" data-filename=\"20230802_133053-scaled-800x450.jpg\" data-slide-type=\"image\"><img loading=\"lazy\" decoding=\"async\" src=\"http:\/\/www.solacera.cz\/wp-content\/uploads\/2025\/03\/20230802_133053-scaled-800x450.jpg\" height=\"450\" width=\"800\" alt=\"\" class=\"slider-181 slide-204 msDefaultImage\" title=\"20230802_133053\" \/><div class=\"caption-wrap\"><div class=\"caption\"><div>Umspannstation, Niedersachsen, Deutschland, 2022<\/div><\/div><\/div><\/li>\n                <li style=\"display: none; width: 100%;\" class=\"slide-207 ms-image\" aria-roledescription=\"slide\" data-date=\"2025-03-11 11:24:35\" data-filename=\"20220727_113543-scaled-800x450.jpg\" data-slide-type=\"image\"><img loading=\"lazy\" decoding=\"async\" src=\"http:\/\/www.solacera.cz\/wp-content\/uploads\/2025\/03\/20220727_113543-scaled-800x450.jpg\" height=\"450\" width=\"800\" alt=\"\" class=\"slider-181 slide-207 msDefaultImage\" title=\"20220727_113543\" \/><div class=\"caption-wrap\"><div class=\"caption\"><div>\n<div>Automatisches Lagersystem, Sachsen-Anhalt, Deutschland, 2022<\/div>\n<\/div><\/div><\/div><\/li>\n                <li style=\"display: none; width: 100%;\" class=\"slide-206 ms-image\" aria-roledescription=\"slide\" data-date=\"2025-03-11 11:24:35\" data-filename=\"20220727_113553-scaled-800x450.jpg\" data-slide-type=\"image\"><img loading=\"lazy\" decoding=\"async\" src=\"http:\/\/www.solacera.cz\/wp-content\/uploads\/2025\/03\/20220727_113553-scaled-800x450.jpg\" height=\"450\" width=\"800\" alt=\"\" class=\"slider-181 slide-206 msDefaultImage\" title=\"20220727_113553\" \/><div class=\"caption-wrap\"><div class=\"caption\"><div>Automatisches Lagersystem, Sachsen-Anhalt, Deutschland, 2022<\/div><\/div><\/div><\/li>\n                <li style=\"display: none; width: 100%;\" class=\"slide-203 ms-image\" aria-roledescription=\"slide\" data-date=\"2025-03-11 11:24:35\" data-filename=\"20230912_174053-scaled-800x450.jpg\" data-slide-type=\"image\"><img loading=\"lazy\" decoding=\"async\" src=\"http:\/\/www.solacera.cz\/wp-content\/uploads\/2025\/03\/20230912_174053-scaled-800x450.jpg\" height=\"450\" width=\"800\" alt=\"\" class=\"slider-181 slide-203 msDefaultImage\" title=\"20230912_174053\" \/><div class=\"caption-wrap\"><div class=\"caption\"><div>Photovoltaikanlage (PVE), Nordrhein-Westfalen, Deutschland, 2023<\/div><\/div><\/div><\/li>\n                <li style=\"display: none; width: 100%;\" class=\"slide-202 ms-image\" aria-roledescription=\"slide\" data-date=\"2025-03-11 11:24:35\" data-filename=\"20230926_183233-scaled-800x450.jpg\" data-slide-type=\"image\"><img loading=\"lazy\" decoding=\"async\" src=\"http:\/\/www.solacera.cz\/wp-content\/uploads\/2025\/03\/20230926_183233-scaled-800x450.jpg\" height=\"450\" width=\"800\" alt=\"\" class=\"slider-181 slide-202 msDefaultImage\" title=\"20230926_183233\" \/><div class=\"caption-wrap\"><div class=\"caption\"><div>Photovoltaikanlage (PVE), Nordrhein-Westfalen, Deutschland, 2023<\/div><\/div><\/div><\/li>\n                <li style=\"display: none; width: 100%;\" class=\"slide-201 ms-image\" aria-roledescription=\"slide\" data-date=\"2025-03-11 11:24:35\" data-filename=\"20231222_124939-scaled-800x450.jpg\" data-slide-type=\"image\"><img loading=\"lazy\" decoding=\"async\" src=\"http:\/\/www.solacera.cz\/wp-content\/uploads\/2025\/03\/20231222_124939-scaled-800x450.jpg\" height=\"450\" width=\"800\" alt=\"\" class=\"slider-181 slide-201 msDefaultImage\" title=\"20231222_124939\" \/><div class=\"caption-wrap\"><div class=\"caption\"><div>Logistikzentrum, Bayern, Deutschland, 2023<\/div><\/div><\/div><\/li>\n                <li style=\"display: none; width: 100%;\" class=\"slide-200 ms-image\" aria-roledescription=\"slide\" data-date=\"2025-03-11 11:24:35\" data-filename=\"20231222_124942-scaled-800x450.jpg\" data-slide-type=\"image\"><img loading=\"lazy\" decoding=\"async\" src=\"http:\/\/www.solacera.cz\/wp-content\/uploads\/2025\/03\/20231222_124942-scaled-800x450.jpg\" height=\"450\" width=\"800\" alt=\"\" class=\"slider-181 slide-200 msDefaultImage\" title=\"20231222_124942\" \/><div class=\"caption-wrap\"><div class=\"caption\"><div>Logistikzentrum, Bayern, Deutschland, 2023<\/div><\/div><\/div><\/li>\n                <li style=\"display: none; width: 100%;\" class=\"slide-188 ms-image\" aria-roledescription=\"slide\" data-date=\"2025-03-11 11:24:34\" data-filename=\"photo_2024-02-29_08-12-13-800x450.jpg\" data-slide-type=\"image\"><img loading=\"lazy\" decoding=\"async\" src=\"http:\/\/www.solacera.cz\/wp-content\/uploads\/2025\/03\/photo_2024-02-29_08-12-13-800x450.jpg\" height=\"450\" width=\"800\" alt=\"\" class=\"slider-181 slide-188 msDefaultImage\" title=\"photo_2024-02-29_08-12-13\" \/><div class=\"caption-wrap\"><div class=\"caption\"><div>Wasserkraftwerk, T\u00fcrkei, 2023<\/div><\/div><\/div><\/li>\n                <li style=\"display: none; width: 100%;\" class=\"slide-199 ms-image\" aria-roledescription=\"slide\" data-date=\"2025-03-11 11:24:35\" data-filename=\"20241112_102304-scaled-800x450.jpg\" data-slide-type=\"image\"><img loading=\"lazy\" decoding=\"async\" src=\"http:\/\/www.solacera.cz\/wp-content\/uploads\/2025\/03\/20241112_102304-scaled-800x450.jpg\" height=\"450\" width=\"800\" alt=\"\" class=\"slider-181 slide-199 msDefaultImage\" title=\"20241112_102304\" \/><div class=\"caption-wrap\"><div class=\"caption\"><div>Industrielle B\u00e4ckerei, Bayern, Deutschland, 2024<\/div><\/div><\/div><\/li>\n                <li style=\"display: none; width: 100%;\" class=\"slide-191 ms-image\" aria-roledescription=\"slide\" data-date=\"2025-03-11 11:24:34\" data-filename=\"photo_2024-02-29_08-11-50-720x405.jpg\" data-slide-type=\"image\"><img loading=\"lazy\" decoding=\"async\" src=\"http:\/\/www.solacera.cz\/wp-content\/uploads\/2025\/03\/photo_2024-02-29_08-11-50-720x405.jpg\" height=\"450\" width=\"800\" alt=\"\" class=\"slider-181 slide-191 msDefaultImage\" title=\"photo_2024-02-29_08-11-50\" \/><div class=\"caption-wrap\"><div class=\"caption\"><div>Fabrik f\u00fcr Gabelstaplerachsen, Tschechien, 2024<\/div><\/div><\/div><\/li>\n                <li style=\"display: none; width: 100%;\" class=\"slide-187 ms-image\" aria-roledescription=\"slide\" data-date=\"2025-03-11 11:24:34\" data-filename=\"photo_2024-02-29_08-12-18-800x450.jpg\" data-slide-type=\"image\"><img loading=\"lazy\" decoding=\"async\" src=\"http:\/\/www.solacera.cz\/wp-content\/uploads\/2025\/03\/photo_2024-02-29_08-12-18-800x450.jpg\" height=\"450\" width=\"800\" alt=\"\" class=\"slider-181 slide-187 msDefaultImage\" title=\"photo_2024-02-29_08-12-18\" \/><div class=\"caption-wrap\"><div class=\"caption\"><div>Fabrik f\u00fcr Gabelstaplerachsen, Tschechien, 2024<\/div><\/div><\/div><\/li>\n                <li style=\"display: none; width: 100%;\" class=\"slide-210 ms-image\" aria-roledescription=\"slide\" data-date=\"2025-03-11 11:24:36\" data-filename=\"20200626_114338-scaled-800x450.jpg\" data-slide-type=\"image\"><img loading=\"lazy\" decoding=\"async\" src=\"http:\/\/www.solacera.cz\/wp-content\/uploads\/2025\/03\/20200626_114338-scaled-800x450.jpg\" height=\"450\" width=\"800\" alt=\"\" class=\"slider-181 slide-210 msDefaultImage\" title=\"20200626_114338\" \/><div class=\"caption-wrap\"><div class=\"caption\"><div>Blechwalzwerke, Saarland, Deutschland, 2024<\/div><\/div><\/div><\/li>\n                <li style=\"display: none; width: 100%;\" class=\"slide-211 ms-image\" aria-roledescription=\"slide\" data-date=\"2025-03-11 11:24:36\" data-filename=\"20200130_181043-scaled-800x450.jpg\" data-slide-type=\"image\"><img loading=\"lazy\" decoding=\"async\" src=\"http:\/\/www.solacera.cz\/wp-content\/uploads\/2025\/03\/20200130_181043-scaled-800x450.jpg\" height=\"450\" width=\"800\" alt=\"\" class=\"slider-181 slide-211 msDefaultImage\" title=\"20200130_181043\" \/><div class=\"caption-wrap\"><div class=\"caption\"><div>\n<div>Blechwalzwerke, Saarland, Deutschland, 2024<\/div>\n<\/div><\/div><\/div><\/li>\n                <li style=\"display: none; width: 100%;\" class=\"slide-213 ms-image\" aria-roledescription=\"slide\" data-date=\"2025-03-11 11:24:36\" data-filename=\"20200114_092154-scaled-800x450.jpg\" data-slide-type=\"image\"><img loading=\"lazy\" decoding=\"async\" src=\"http:\/\/www.solacera.cz\/wp-content\/uploads\/2025\/03\/20200114_092154-scaled-800x450.jpg\" height=\"450\" width=\"800\" alt=\"\" class=\"slider-181 slide-213 msDefaultImage\" title=\"20200114_092154\" \/><div class=\"caption-wrap\"><div class=\"caption\"><div>\n<div>Blechwalzwerke, Saarland, Deutschland, 2024<\/div>\n<\/div><\/div><\/div><\/li>\n                <li style=\"display: none; width: 100%;\" class=\"slide-198 ms-image\" aria-roledescription=\"slide\" data-date=\"2025-03-11 11:24:35\" data-filename=\"20241112_142335-scaled-800x450.jpg\" data-slide-type=\"image\"><img loading=\"lazy\" decoding=\"async\" src=\"http:\/\/www.solacera.cz\/wp-content\/uploads\/2025\/03\/20241112_142335-scaled-800x450.jpg\" height=\"450\" width=\"800\" alt=\"\" class=\"slider-181 slide-198 msDefaultImage\" title=\"20241112_142335\" \/><div class=\"caption-wrap\"><div class=\"caption\"><div>Industrielle B\u00e4ckerei, Bayern, Deutschland, 2025<\/div><\/div><\/div><\/li>\n            <\/ul>\n        <\/div>\n        \n    <\/div>\n<\/div><\/div>","protected":false},"excerpt":{"rendered":"<p>Our professionals have contributed to some of the most challenging and innovative projects across Europe and beyond, from Amazon or [&hellip;]<\/p>\n","protected":false},"author":1,"featured_media":0,"parent":0,"menu_order":0,"comment_status":"closed","ping_status":"closed","template":"","meta":{"site-sidebar-layout":"default","site-content-layout":"","ast-site-content-layout":"","site-content-style":"default","site-sidebar-style":"default","ast-global-header-display":"","ast-banner-title-visibility":"","ast-main-header-display":"","ast-hfb-above-header-display":"","ast-hfb-below-header-display":"","ast-hfb-mobile-header-display":"","site-post-title":"","ast-breadcrumbs-content":"","ast-featured-img":"","footer-sml-layout":"","theme-transparent-header-meta":"","adv-header-id-meta":"","stick-header-meta":"","header-above-stick-meta":"","header-main-stick-meta":"","header-below-stick-meta":"","astra-migrate-meta-layouts":"default","ast-page-background-enabled":"default","ast-page-background-meta":{"desktop":{"background-color":"var(--ast-global-color-4)","background-image":"","background-repeat":"repeat","background-position":"center center","background-size":"auto","background-attachment":"scroll","background-type":"","background-media":"","overlay-type":"","overlay-color":"","overlay-opacity":"","overlay-gradient":""},"tablet":{"background-color":"","background-image":"","background-repeat":"repeat","background-position":"center center","background-size":"auto","background-attachment":"scroll","background-type":"","background-media":"","overlay-type":"","overlay-color":"","overlay-opacity":"","overlay-gradient":""},"mobile":{"background-color":"","background-image":"","background-repeat":"repeat","background-position":"center center","background-size":"auto","background-attachment":"scroll","background-type":"","background-media":"","overlay-type":"","overlay-color":"","overlay-opacity":"","overlay-gradient":""}},"ast-content-background-meta":{"desktop":{"background-color":"var(--ast-global-color-5)","background-image":"","background-repeat":"repeat","background-position":"center center","background-size":"auto","background-attachment":"scroll","background-type":"","background-media":"","overlay-type":"","overlay-color":"","overlay-opacity":"","overlay-gradient":""},"tablet":{"background-color":"var(--ast-global-color-5)","background-image":"","background-repeat":"repeat","background-position":"center center","background-size":"auto","background-attachment":"scroll","background-type":"","background-media":"","overlay-type":"","overlay-color":"","overlay-opacity":"","overlay-gradient":""},"mobile":{"background-color":"var(--ast-global-color-5)","background-image":"","background-repeat":"repeat","background-position":"center center","background-size":"auto","background-attachment":"scroll","background-type":"","background-media":"","overlay-type":"","overlay-color":"","overlay-opacity":"","overlay-gradient":""}},"footnotes":""},"class_list":["post-98","page","type-page","status-publish","hentry"],"_links":{"self":[{"href":"http:\/\/www.solacera.cz\/de\/wp-json\/wp\/v2\/pages\/98","targetHints":{"allow":["GET"]}}],"collection":[{"href":"http:\/\/www.solacera.cz\/de\/wp-json\/wp\/v2\/pages"}],"about":[{"href":"http:\/\/www.solacera.cz\/de\/wp-json\/wp\/v2\/types\/page"}],"author":[{"embeddable":true,"href":"http:\/\/www.solacera.cz\/de\/wp-json\/wp\/v2\/users\/1"}],"replies":[{"embeddable":true,"href":"http:\/\/www.solacera.cz\/de\/wp-json\/wp\/v2\/comments?post=98"}],"version-history":[{"count":8,"href":"http:\/\/www.solacera.cz\/de\/wp-json\/wp\/v2\/pages\/98\/revisions"}],"predecessor-version":[{"id":223,"href":"http:\/\/www.solacera.cz\/de\/wp-json\/wp\/v2\/pages\/98\/revisions\/223"}],"wp:attachment":[{"href":"http:\/\/www.solacera.cz\/de\/wp-json\/wp\/v2\/media?parent=98"}],"curies":[{"name":"wp","href":"https:\/\/api.w.org\/{rel}","templated":true}]}}