{"id":91,"date":"2024-04-05T23:10:03","date_gmt":"2024-04-05T23:10:03","guid":{"rendered":"http:\/\/www.solacera.cz\/?page_id=91"},"modified":"2025-11-28T11:29:28","modified_gmt":"2025-11-28T11:29:28","slug":"contact-us","status":"publish","type":"page","link":"http:\/\/www.solacera.cz\/de\/contact-us\/","title":{"rendered":"Kontaktieren Sie uns"},"content":{"rendered":"<div class=\"wp-block-group alignfull is-layout-constrained wp-block-group-is-layout-constrained\" id=\"contact\">\n<p>Haben Sie Fragen oder ben\u00f6tigen Sie ein Angebot f\u00fcr Ihr Projekt? Kontaktieren Sie uns. Unser Team steht Ihnen in Tschechisch, Englisch oder Deutsch zur Verf\u00fcgung und sorgt von Anfang an f\u00fcr eine pers\u00f6nliche und direkte Kommunikation.<\/p>\n\n\n\n<div style=\"height:25px\" aria-hidden=\"true\" class=\"wp-block-spacer\"><\/div>\n\n\n\n<div class=\"wp-block-columns is-layout-flex wp-container-core-columns-is-layout-28f84493 wp-block-columns-is-layout-flex\">\n<div class=\"wp-block-column is-layout-flow wp-block-column-is-layout-flow\">\n<h4 class=\"wp-block-heading\">Firmenadresse:<\/h4>\n\n\n\n<p>\u0160lechtitel\u016f 813\/21<br>Holice<br>779 00 Olomouc<br>Tschechien<br><\/p>\n<\/div>\n\n\n\n<div class=\"wp-block-column is-layout-flow wp-block-column-is-layout-flow\">\n<h4 class=\"wp-block-heading\">Telefonkontakt<\/h4>\n\n\n\n<p>Tschechien:   +420 703 514 675<\/p>\n\n\n\n<p>Deutschland:   +49 1515 4674286<\/p>\n\n\n\n<p>Norwegen:   +47 96 95 3761<\/p>\n<\/div>\n<\/div>\n\n\n\n<div style=\"height:20px\" aria-hidden=\"true\" class=\"wp-block-spacer\"><\/div>\n\n\n\n<p>Bevorzugen Sie die Kommunikation per E-Mail? Klicken Sie <a href=\"mailto:info@solacera.cz\" data-type=\"mailto\" data-id=\"mailto:info@solacera.cz\">hier<\/a> , um uns eine E-Mail zu senden.<\/p>\n<\/div>","protected":false},"excerpt":{"rendered":"<p>Have questions or need a quote for your project? Reach out to us. Our team is ready to discuss your [&hellip;]<\/p>\n","protected":false},"author":1,"featured_media":0,"parent":0,"menu_order":0,"comment_status":"closed","ping_status":"closed","template":"","meta":{"site-sidebar-layout":"default","site-content-layout":"","ast-site-content-layout":"","site-content-style":"default","site-sidebar-style":"default","ast-global-header-display":"","ast-banner-title-visibility":"","ast-main-header-display":"","ast-hfb-above-header-display":"","ast-hfb-below-header-display":"","ast-hfb-mobile-header-display":"","site-post-title":"","ast-breadcrumbs-content":"","ast-featured-img":"","footer-sml-layout":"","theme-transparent-header-meta":"","adv-header-id-meta":"","stick-header-meta":"","header-above-stick-meta":"","header-main-stick-meta":"","header-below-stick-meta":"","astra-migrate-meta-layouts":"default","ast-page-background-enabled":"default","ast-page-background-meta":{"desktop":{"background-color":"var(--ast-global-color-4)","background-image":"","background-repeat":"repeat","background-position":"center center","background-size":"auto","background-attachment":"scroll","background-type":"","background-media":"","overlay-type":"","overlay-color":"","overlay-opacity":"","overlay-gradient":""},"tablet":{"background-color":"","background-image":"","background-repeat":"repeat","background-position":"center center","background-size":"auto","background-attachment":"scroll","background-type":"","background-media":"","overlay-type":"","overlay-color":"","overlay-opacity":"","overlay-gradient":""},"mobile":{"background-color":"","background-image":"","background-repeat":"repeat","background-position":"center center","background-size":"auto","background-attachment":"scroll","background-type":"","background-media":"","overlay-type":"","overlay-color":"","overlay-opacity":"","overlay-gradient":""}},"ast-content-background-meta":{"desktop":{"background-color":"var(--ast-global-color-5)","background-image":"","background-repeat":"repeat","background-position":"center center","background-size":"auto","background-attachment":"scroll","background-type":"","background-media":"","overlay-type":"","overlay-color":"","overlay-opacity":"","overlay-gradient":""},"tablet":{"background-color":"var(--ast-global-color-5)","background-image":"","background-repeat":"repeat","background-position":"center center","background-size":"auto","background-attachment":"scroll","background-type":"","background-media":"","overlay-type":"","overlay-color":"","overlay-opacity":"","overlay-gradient":""},"mobile":{"background-color":"var(--ast-global-color-5)","background-image":"","background-repeat":"repeat","background-position":"center center","background-size":"auto","background-attachment":"scroll","background-type":"","background-media":"","overlay-type":"","overlay-color":"","overlay-opacity":"","overlay-gradient":""}},"footnotes":""},"class_list":["post-91","page","type-page","status-publish","hentry"],"_links":{"self":[{"href":"http:\/\/www.solacera.cz\/de\/wp-json\/wp\/v2\/pages\/91","targetHints":{"allow":["GET"]}}],"collection":[{"href":"http:\/\/www.solacera.cz\/de\/wp-json\/wp\/v2\/pages"}],"about":[{"href":"http:\/\/www.solacera.cz\/de\/wp-json\/wp\/v2\/types\/page"}],"author":[{"embeddable":true,"href":"http:\/\/www.solacera.cz\/de\/wp-json\/wp\/v2\/users\/1"}],"replies":[{"embeddable":true,"href":"http:\/\/www.solacera.cz\/de\/wp-json\/wp\/v2\/comments?post=91"}],"version-history":[{"count":8,"href":"http:\/\/www.solacera.cz\/de\/wp-json\/wp\/v2\/pages\/91\/revisions"}],"predecessor-version":[{"id":280,"href":"http:\/\/www.solacera.cz\/de\/wp-json\/wp\/v2\/pages\/91\/revisions\/280"}],"wp:attachment":[{"href":"http:\/\/www.solacera.cz\/de\/wp-json\/wp\/v2\/media?parent=91"}],"curies":[{"name":"wp","href":"https:\/\/api.w.org\/{rel}","templated":true}]}}