{"id":117,"date":"2024-04-05T23:36:39","date_gmt":"2024-04-05T23:36:39","guid":{"rendered":"http:\/\/www.solacera.cz\/?page_id=117"},"modified":"2024-04-07T10:30:29","modified_gmt":"2024-04-07T10:30:29","slug":"about-solacera-gen","status":"publish","type":"page","link":"http:\/\/www.solacera.cz\/de\/about-solacera-gen\/","title":{"rendered":"\u00dcber Solacera GEN"},"content":{"rendered":"<p>Solacera GEN \u2013 ein familiengef\u00fchrtes Unternehmen mit tiefen Wurzeln in der Branche \u2013 verbindet pers\u00f6nliche Betreuung mit professionellem Service. Unsere Gr\u00fcnder, ehemalige PLC-Programmierer und Elektriker, haben das Unternehmen mit dem Insiderwissen aufgebaut, was es wirklich braucht, um in modernen Industrieprojekten erfolgreich zu sein. Diese Grundlage macht uns nicht nur zu einem Dienstleister, sondern zu einem echten Partner f\u00fcr den Erfolg Ihres Projekts.<\/p>\n\n\n\n<figure class=\"wp-block-image aligncenter size-full\"><img loading=\"lazy\" decoding=\"async\" width=\"572\" height=\"386\" src=\"http:\/\/www.solacera.cz\/wp-content\/uploads\/2024\/04\/Two-engineers.png\" alt=\"\" class=\"wp-image-136\" srcset=\"http:\/\/www.solacera.cz\/wp-content\/uploads\/2024\/04\/Two-engineers.png 572w, http:\/\/www.solacera.cz\/wp-content\/uploads\/2024\/04\/Two-engineers-300x202.png 300w\" sizes=\"auto, (max-width: 572px) 100vw, 572px\" \/><\/figure>\n\n\n\n<h3 class=\"wp-block-heading\">Warum Solacera GEN<\/h3>\n\n\n\n<p>Mit Solacera GEN w\u00e4hlen Sie einen Partner, der nicht nur Ihre technischen Anforderungen versteht, sondern den Erfolg Ihres Projekts so ernst nimmt, als w\u00e4re es unser eigenes. Durch ma\u00dfgeschneiderte L\u00f6sungen und einen direkten Ansatz profitieren Ihre Projekte von unserer einzigartigen Kombination aus pers\u00f6nlichem Engagement und professioneller Exzellenz.<\/p>","protected":false},"excerpt":{"rendered":"<p>Solacera GEN, a family-owned business with roots deep in the industry, brings a personal touch to professional service. Our founders, [&hellip;]<\/p>\n","protected":false},"author":1,"featured_media":0,"parent":0,"menu_order":0,"comment_status":"closed","ping_status":"closed","template":"","meta":{"site-sidebar-layout":"default","site-content-layout":"","ast-site-content-layout":"","site-content-style":"default","site-sidebar-style":"default","ast-global-header-display":"","ast-banner-title-visibility":"","ast-main-header-display":"","ast-hfb-above-header-display":"","ast-hfb-below-header-display":"","ast-hfb-mobile-header-display":"","site-post-title":"","ast-breadcrumbs-content":"","ast-featured-img":"","footer-sml-layout":"","theme-transparent-header-meta":"","adv-header-id-meta":"","stick-header-meta":"","header-above-stick-meta":"","header-main-stick-meta":"","header-below-stick-meta":"","astra-migrate-meta-layouts":"default","ast-page-background-enabled":"default","ast-page-background-meta":{"desktop":{"background-color":"var(--ast-global-color-4)","background-image":"","background-repeat":"repeat","background-position":"center center","background-size":"auto","background-attachment":"scroll","background-type":"","background-media":"","overlay-type":"","overlay-color":"","overlay-opacity":"","overlay-gradient":""},"tablet":{"background-color":"","background-image":"","background-repeat":"repeat","background-position":"center center","background-size":"auto","background-attachment":"scroll","background-type":"","background-media":"","overlay-type":"","overlay-color":"","overlay-opacity":"","overlay-gradient":""},"mobile":{"background-color":"","background-image":"","background-repeat":"repeat","background-position":"center center","background-size":"auto","background-attachment":"scroll","background-type":"","background-media":"","overlay-type":"","overlay-color":"","overlay-opacity":"","overlay-gradient":""}},"ast-content-background-meta":{"desktop":{"background-color":"var(--ast-global-color-5)","background-image":"","background-repeat":"repeat","background-position":"center center","background-size":"auto","background-attachment":"scroll","background-type":"","background-media":"","overlay-type":"","overlay-color":"","overlay-opacity":"","overlay-gradient":""},"tablet":{"background-color":"var(--ast-global-color-5)","background-image":"","background-repeat":"repeat","background-position":"center center","background-size":"auto","background-attachment":"scroll","background-type":"","background-media":"","overlay-type":"","overlay-color":"","overlay-opacity":"","overlay-gradient":""},"mobile":{"background-color":"var(--ast-global-color-5)","background-image":"","background-repeat":"repeat","background-position":"center center","background-size":"auto","background-attachment":"scroll","background-type":"","background-media":"","overlay-type":"","overlay-color":"","overlay-opacity":"","overlay-gradient":""}},"footnotes":""},"class_list":["post-117","page","type-page","status-publish","hentry"],"_links":{"self":[{"href":"http:\/\/www.solacera.cz\/de\/wp-json\/wp\/v2\/pages\/117","targetHints":{"allow":["GET"]}}],"collection":[{"href":"http:\/\/www.solacera.cz\/de\/wp-json\/wp\/v2\/pages"}],"about":[{"href":"http:\/\/www.solacera.cz\/de\/wp-json\/wp\/v2\/types\/page"}],"author":[{"embeddable":true,"href":"http:\/\/www.solacera.cz\/de\/wp-json\/wp\/v2\/users\/1"}],"replies":[{"embeddable":true,"href":"http:\/\/www.solacera.cz\/de\/wp-json\/wp\/v2\/comments?post=117"}],"version-history":[{"count":2,"href":"http:\/\/www.solacera.cz\/de\/wp-json\/wp\/v2\/pages\/117\/revisions"}],"predecessor-version":[{"id":137,"href":"http:\/\/www.solacera.cz\/de\/wp-json\/wp\/v2\/pages\/117\/revisions\/137"}],"wp:attachment":[{"href":"http:\/\/www.solacera.cz\/de\/wp-json\/wp\/v2\/media?parent=117"}],"curies":[{"name":"wp","href":"https:\/\/api.w.org\/{rel}","templated":true}]}}